{"id":10053,"date":"2018-08-27T11:32:12","date_gmt":"2018-08-27T09:32:12","guid":{"rendered":"http:\/\/pavimentslloseta.com\/contacto\/"},"modified":"2020-10-21T13:23:20","modified_gmt":"2020-10-21T11:23:20","slug":"contact","status":"publish","type":"page","link":"https:\/\/pavimentslloseta.com\/fr\/contact\/","title":{"rendered":"CONTACT"},"content":{"rendered":"[vc_row type=\u00a0\u00bbin_container\u00a0\u00bb full_screen_row_position=\u00a0\u00bbmiddle\u00a0\u00bb equal_height=\u00a0\u00bbyes\u00a0\u00bb bg_color=\u00a0\u00bb#ffffff\u00a0\u00bb scene_position=\u00a0\u00bbcenter\u00a0\u00bb text_color=\u00a0\u00bbdark\u00a0\u00bb text_align=\u00a0\u00bbleft\u00a0\u00bb top_padding=\u00a0\u00bb2%\u00a0\u00bb id=\u00a0\u00bbnosotros\u00a0\u00bb overlay_strength=\u00a0\u00bb0.3&Prime; shape_divider_position=\u00a0\u00bbbottom\u00a0\u00bb bg_image_animation=\u00a0\u00bbnone\u00a0\u00bb shape_type=\u00a0\u00bb\u00a0\u00bb][vc_column centered_text=\u00a0\u00bbtrue\u00a0\u00bb column_padding=\u00a0\u00bbpadding-3-percent\u00a0\u00bb column_padding_position=\u00a0\u00bball\u00a0\u00bb background_color_opacity=\u00a0\u00bb1&Prime; background_hover_color_opacity=\u00a0\u00bb1&Prime; column_link_target=\u00a0\u00bb_self\u00a0\u00bb column_shadow=\u00a0\u00bbnone\u00a0\u00bb column_border_radius=\u00a0\u00bbnone\u00a0\u00bb width=\u00a0\u00bb1\/1&Prime; tablet_width_inherit=\u00a0\u00bbdefault\u00a0\u00bb tablet_text_alignment=\u00a0\u00bbdefault\u00a0\u00bb phone_text_alignment=\u00a0\u00bbdefault\u00a0\u00bb column_border_width=\u00a0\u00bbnone\u00a0\u00bb column_border_style=\u00a0\u00bbsolid\u00a0\u00bb bg_image_animation=\u00a0\u00bbnone\u00a0\u00bb][vc_column_text]\n<h1 style=\"text-align: center;\"><span style=\"color: #980a2b;\">CONTACT<\/span><\/h1>\n[\/vc_column_text][divider line_type=\u00a0\u00bbNo Line\u00a0\u00bb][vc_column_text]\n<p style=\"text-align: center;\">Carrer Miners 6, Pol. Ind. Lloseta 07360 Lloseta.<\/p>\n<p style=\"text-align: center;\">Vous pouvez nous appeler au (+34) 971519564 ou nous envoyer un courriel \u00e0 <a href=\"mailto:correo@pavlloseta.com\">correo@pavlloseta.com<\/a><\/p>\n<p style=\"text-align: center;\">Recevez en exclusivit\u00e9 toute l&rsquo;actualit\u00e9 inscrivez-vous \u00e0 notre <strong>newsletter<\/strong> pour ne manquer aucune nouveaut\u00e9!<\/p>\n<p style=\"text-align: center;\"><a class=\"nectar-button n-sc-button medium accent-color regular-button\"  href=\"http:\/\/eepurl.com\/dPLEPH\" data-color-override=\"false\" data-hover-color-override=\"false\" data-hover-text-color-override=\"#fff\"><span>SUSCR\u00cdBETE<\/span><\/a>\n[\/vc_column_text][divider line_type=\u00a0\u00bbSmall Line\u00a0\u00bb line_alignment=\u00a0\u00bbdefault\u00a0\u00bb line_thickness=\u00a0\u00bb2&Prime; divider_color=\u00a0\u00bbaccent-color\u00a0\u00bb animate=\u00a0\u00bbyes\u00a0\u00bb custom_height=\u00a0\u00bb100&Prime; custom_line_width=\u00a0\u00bb80&Prime;][\/vc_column][\/vc_row][vc_row type=\u00a0\u00bbfull_width_background\u00a0\u00bb full_screen_row_position=\u00a0\u00bbmiddle\u00a0\u00bb scene_position=\u00a0\u00bbcenter\u00a0\u00bb text_color=\u00a0\u00bbdark\u00a0\u00bb text_align=\u00a0\u00bbleft\u00a0\u00bb overlay_strength=\u00a0\u00bb0.3&Prime; shape_divider_position=\u00a0\u00bbbottom\u00a0\u00bb bg_image_animation=\u00a0\u00bbnone\u00a0\u00bb shape_type=\u00a0\u00bb\u00a0\u00bb][vc_column column_padding=\u00a0\u00bbno-extra-padding\u00a0\u00bb column_padding_position=\u00a0\u00bball\u00a0\u00bb background_color_opacity=\u00a0\u00bb1&Prime; background_hover_color_opacity=\u00a0\u00bb1&Prime; column_link_target=\u00a0\u00bb_self\u00a0\u00bb column_shadow=\u00a0\u00bbnone\u00a0\u00bb column_border_radius=\u00a0\u00bbnone\u00a0\u00bb width=\u00a0\u00bb1\/1&Prime; tablet_width_inherit=\u00a0\u00bbdefault\u00a0\u00bb tablet_text_alignment=\u00a0\u00bbdefault\u00a0\u00bb phone_text_alignment=\u00a0\u00bbdefault\u00a0\u00bb column_border_width=\u00a0\u00bbnone\u00a0\u00bb column_border_style=\u00a0\u00bbsolid\u00a0\u00bb bg_image_animation=\u00a0\u00bbnone\u00a0\u00bb][carousel script=\u00a0\u00bbowl_carousel\u00a0\u00bb desktop_cols=\u00a0\u00bb3&Prime; desktop_small_cols=\u00a0\u00bb3&Prime; tablet_cols=\u00a0\u00bb2&Prime; mobile_cols=\u00a0\u00bb1&Prime; column_padding=\u00a0\u00bb20px\u00a0\u00bb loop=\u00a0\u00bbtrue\u00a0\u00bb autorotate=\u00a0\u00bbtrue\u00a0\u00bb autorotation_speed=\u00a0\u00bb5000&Prime;][item id=\u00a0\u00bb1485798432247-5589f-506b\u00a0\u00bb title=\u00a0\u00bbItem\u00a0\u00bb tab_id=\u00a0\u00bb1544005418618-9&Prime;][team_member image_url=\u00a0\u00bb7025&Prime; team_memeber_style=\u00a0\u00bbmeta_below\u00a0\u00bb link_element=\u00a0\u00bbnone\u00a0\u00bb color=\u00a0\u00bbAccent-Color\u00a0\u00bb name=\u00a0\u00bbToni\u00a0\u00bb job_position=\u00a0\u00bbDpt. Comercial\u00a0\u00bb description=\u00a0\u00bbtoni@pavlloseta.com<br \/>\n0034 607274074<br \/>\n\u00ab\u00a0][\/item][item id=\u00a0\u00bb1485798432271-6589f-506b\u00a0\u00bb title=\u00a0\u00bbItem\u00a0\u00bb tab_id=\u00a0\u00bb1544005418670-2&Prime;][team_member image_url=\u00a0\u00bb7024&Prime; team_memeber_style=\u00a0\u00bbmeta_below\u00a0\u00bb link_element=\u00a0\u00bbnone\u00a0\u00bb color=\u00a0\u00bbAccent-Color\u00a0\u00bb job_position=\u00a0\u00bbDpt. Administraci\u00f3n\u00a0\u00bb description=\u00a0\u00bbadministracion@pavlloseta.com<br \/>\n0034 615718828&Prime; name=\u00a0\u00bbCarme\u00a0\u00bb][\/item][item id=\u00a0\u00bb1544006044430-0-1&Prime; title=\u00a0\u00bbItem\u00a0\u00bb tab_id=\u00a0\u00bb1544005418670-2&Prime;][team_member image_url=\u00a0\u00bb7023&Prime; team_memeber_style=\u00a0\u00bbmeta_below\u00a0\u00bb link_element=\u00a0\u00bbnone\u00a0\u00bb color=\u00a0\u00bbAccent-Color\u00a0\u00bb job_position=\u00a0\u00bbDpt. Log\u00edstico\u00a0\u00bb description=\u00a0\u00bblogistica@pavlloseta.com<br \/>\n0034 636371876&Prime; name=\u00a0\u00bbMiquel\u00a0\u00bb][\/item][item id=\u00a0\u00bb1544008672659-0-7&Prime; title=\u00a0\u00bbItem\u00a0\u00bb tab_id=\u00a0\u00bb1544005418670-2&Prime;][team_member image_url=\u00a0\u00bb7022&Prime; team_memeber_style=\u00a0\u00bbmeta_below\u00a0\u00bb link_element=\u00a0\u00bbnone\u00a0\u00bb color=\u00a0\u00bbAccent-Color\u00a0\u00bb job_position=\u00a0\u00bbDpt. Financiero\u00a0\u00bb description=\u00a0\u00bbjoana@pavlloseta.com<br \/>\n0034 629620943&Prime; name=\u00a0\u00bbJoana\u00a0\u00bb][\/item][item id=\u00a0\u00bb1485798432237-4589f-506b\u00a0\u00bb title=\u00a0\u00bbItem\u00a0\u00bb tab_id=\u00a0\u00bb1544005418565-8&Prime;][team_member image_url=\u00a0\u00bb7019&Prime; team_memeber_style=\u00a0\u00bbmeta_below\u00a0\u00bb link_element=\u00a0\u00bbnone\u00a0\u00bb color=\u00a0\u00bbAccent-Color\u00a0\u00bb name=\u00a0\u00bbBiel Sampol\u00a0\u00bb job_position=\u00a0\u00bbAdjunto direcci\u00f3n\u00a0\u00bb description=\u00a0\u00bbbielsampol@pavlloseta.com<br \/>\n0034 687594037<br \/>\n\u00ab\u00a0][\/item][item id=\u00a0\u00bb1544008702352-0-8&Prime; title=\u00a0\u00bbItem\u00a0\u00bb tab_id=\u00a0\u00bb1544005418670-2&Prime;][team_member image_url=\u00a0\u00bb7021&Prime; team_memeber_style=\u00a0\u00bbmeta_below\u00a0\u00bb link_element=\u00a0\u00bbnone\u00a0\u00bb color=\u00a0\u00bbAccent-Color\u00a0\u00bb job_position=\u00a0\u00bbJefe de producci\u00f3n\u00a0\u00bb description=\u00a0\u00bbrafelbover@pavlloseta.com<br \/>\n0034 629620529&Prime; name=\u00a0\u00bbRafel\u00a0\u00bb][\/item][item id=\u00a0\u00bb1544008746766-0-2&Prime; title=\u00a0\u00bbItem\u00a0\u00bb tab_id=\u00a0\u00bb1544005418670-2&Prime;][team_member image_url=\u00a0\u00bb7020&Prime; team_memeber_style=\u00a0\u00bbmeta_below\u00a0\u00bb link_element=\u00a0\u00bbnone\u00a0\u00bb color=\u00a0\u00bbAccent-Color\u00a0\u00bb job_position=\u00a0\u00bbCalidad\u00a0\u00bb description=\u00a0\u00bbingenieria@pavlloseta.com<br \/>\n0034 676785708&Prime; name=\u00a0\u00bbMiguel \u00c1ngel\u00a0\u00bb][\/item][\/carousel][\/vc_column][\/vc_row][vc_row type=\u00a0\u00bbfull_width_content\u00a0\u00bb full_screen_row_position=\u00a0\u00bbmiddle\u00a0\u00bb bg_color=\u00a0\u00bb#ffffff\u00a0\u00bb scene_position=\u00a0\u00bbcenter\u00a0\u00bb text_color=\u00a0\u00bbdark\u00a0\u00bb text_align=\u00a0\u00bbleft\u00a0\u00bb top_padding=\u00a0\u00bb2%\u00a0\u00bb overlay_strength=\u00a0\u00bb0.3&Prime; shape_divider_position=\u00a0\u00bbbottom\u00a0\u00bb bg_image_animation=\u00a0\u00bbnone\u00a0\u00bb shape_type=\u00a0\u00bb\u00a0\u00bb][vc_column column_padding=\u00a0\u00bbno-extra-padding\u00a0\u00bb column_padding_position=\u00a0\u00bball\u00a0\u00bb background_color_opacity=\u00a0\u00bb1&Prime; background_hover_color_opacity=\u00a0\u00bb1&Prime; column_link_target=\u00a0\u00bb_self\u00a0\u00bb column_shadow=\u00a0\u00bbnone\u00a0\u00bb column_border_radius=\u00a0\u00bbnone\u00a0\u00bb width=\u00a0\u00bb1\/1&Prime; tablet_width_inherit=\u00a0\u00bbdefault\u00a0\u00bb tablet_text_alignment=\u00a0\u00bbdefault\u00a0\u00bb phone_text_alignment=\u00a0\u00bbdefault\u00a0\u00bb column_border_width=\u00a0\u00bbnone\u00a0\u00bb column_border_style=\u00a0\u00bbsolid\u00a0\u00bb bg_image_animation=\u00a0\u00bbnone\u00a0\u00bb][vc_column_text]<iframe loading=\"lazy\" style=\"border: 0;\" src=\"https:\/\/www.google.com\/maps\/embed?pb=!1m14!1m8!1m3!1d12278.846919492367!2d2.872563!3d39.701185!3m2!1i1024!2i768!4f13.1!3m3!1m2!1s0x0%3A0x9a95231bbe2db865!2sPaviments+Lloseta+SL!5e0!3m2!1ses!2ses!4v1535279797926\" width=\"100%\" height=\"450\" frameborder=\"0\" allowfullscreen=\"allowfullscreen\"><\/iframe>[\/vc_column_text][\/vc_column][\/vc_row]\n","protected":false},"excerpt":{"rendered":"<p>[vc_row type=\u00a0\u00bbin_container\u00a0\u00bb full_screen_row_position=\u00a0\u00bbmiddle\u00a0\u00bb equal_height=\u00a0\u00bbyes\u00a0\u00bb bg_color=\u00a0\u00bb#ffffff\u00a0\u00bb scene_position=\u00a0\u00bbcenter\u00a0\u00bb text_color=\u00a0\u00bbdark\u00a0\u00bb text_align=\u00a0\u00bbleft\u00a0\u00bb top_padding=\u00a0\u00bb2%\u00a0\u00bb id=\u00a0\u00bbnosotros\u00a0\u00bb overlay_strength=\u00a0\u00bb0.3&Prime; shape_divider_position=\u00a0\u00bbbottom\u00a0\u00bb bg_image_animation=\u00a0\u00bbnone\u00a0\u00bb shape_type=\u00a0\u00bb\u00a0\u00bb][vc_column centered_text=\u00a0\u00bbtrue\u00a0\u00bb&#8230;<\/p>\n","protected":false},"author":1,"featured_media":0,"parent":0,"menu_order":0,"comment_status":"closed","ping_status":"closed","template":"","meta":{"footnotes":""},"aioseo_notices":[],"_links":{"self":[{"href":"https:\/\/pavimentslloseta.com\/fr\/wp-json\/wp\/v2\/pages\/10053"}],"collection":[{"href":"https:\/\/pavimentslloseta.com\/fr\/wp-json\/wp\/v2\/pages"}],"about":[{"href":"https:\/\/pavimentslloseta.com\/fr\/wp-json\/wp\/v2\/types\/page"}],"author":[{"embeddable":true,"href":"https:\/\/pavimentslloseta.com\/fr\/wp-json\/wp\/v2\/users\/1"}],"replies":[{"embeddable":true,"href":"https:\/\/pavimentslloseta.com\/fr\/wp-json\/wp\/v2\/comments?post=10053"}],"version-history":[{"count":3,"href":"https:\/\/pavimentslloseta.com\/fr\/wp-json\/wp\/v2\/pages\/10053\/revisions"}],"predecessor-version":[{"id":10063,"href":"https:\/\/pavimentslloseta.com\/fr\/wp-json\/wp\/v2\/pages\/10053\/revisions\/10063"}],"wp:attachment":[{"href":"https:\/\/pavimentslloseta.com\/fr\/wp-json\/wp\/v2\/media?parent=10053"}],"curies":[{"name":"wp","href":"https:\/\/api.w.org\/{rel}","templated":true}]}}