{"id":8726,"date":"2018-08-22T10:05:17","date_gmt":"2018-08-22T08:05:17","guid":{"rendered":"http:\/\/pavimentslloseta.com\/empresa\/"},"modified":"2020-10-08T12:31:05","modified_gmt":"2020-10-08T10:31:05","slug":"unternehmen","status":"publish","type":"page","link":"https:\/\/pavimentslloseta.com\/de\/unternehmen\/","title":{"rendered":"UNTERNEHMEN"},"content":{"rendered":"[vc_row type=&#8220;in_container&#8220; full_screen_row_position=&#8220;middle&#8220; equal_height=&#8220;yes&#8220; content_placement=&#8220;middle&#8220; bg_color=&#8220;#ffffff&#8220; scene_position=&#8220;center&#8220; text_color=&#8220;dark&#8220; text_align=&#8220;center&#8220; top_padding=&#8220;2%&#8220; id=&#8220;nosotros&#8220; overlay_strength=&#8220;0.3&#8243; shape_divider_position=&#8220;bottom&#8220; bg_image_animation=&#8220;none&#8220; shape_type=&#8220;&#8220;][vc_column column_padding=&#8220;padding-3-percent&#8220; column_padding_position=&#8220;all&#8220; background_color_opacity=&#8220;1&#8243; background_hover_color_opacity=&#8220;1&#8243; column_link_target=&#8220;_self&#8220; column_shadow=&#8220;none&#8220; column_border_radius=&#8220;none&#8220; width=&#8220;1\/1&#8243; tablet_width_inherit=&#8220;default&#8220; tablet_text_alignment=&#8220;default&#8220; phone_text_alignment=&#8220;default&#8220; column_border_width=&#8220;none&#8220; column_border_style=&#8220;solid&#8220; bg_image_animation=&#8220;none&#8220;][vc_column_text]\n<h1><span style=\"color: #980a2b;\">PAVIMENTS LLOSETA<\/span><\/h1>\n[\/vc_column_text][divider line_type=&#8220;No Line&#8220;][vc_column_text]\n<p style=\"text-align: center;\">Seit 1986 widmen wir uns bei Paviments Lloseta der Herstellung und dem Verkauf verschiedenartiger Fliesen, Pflastersteine und Zementderivate, die haupts\u00e4chlich in \u00f6ffentlichen Bauten zum Einsatz kommen. Vor kurzem haben wir unsere Produktpalette erweitert, welche nun auch individuelle Privatbauten umfasst.<\/p>\n[\/vc_column_text][\/vc_column][\/vc_row][vc_row type=&#8220;in_container&#8220; full_screen_row_position=&#8220;middle&#8220; scene_position=&#8220;center&#8220; text_color=&#8220;dark&#8220; text_align=&#8220;left&#8220; overlay_strength=&#8220;0.3&#8243; shape_divider_position=&#8220;bottom&#8220; bg_image_animation=&#8220;none&#8220;][vc_column column_padding=&#8220;no-extra-padding&#8220; column_padding_position=&#8220;all&#8220; background_color_opacity=&#8220;1&#8243; background_hover_color_opacity=&#8220;1&#8243; column_link_target=&#8220;_self&#8220; column_shadow=&#8220;none&#8220; column_border_radius=&#8220;none&#8220; width=&#8220;1\/1&#8243; tablet_width_inherit=&#8220;default&#8220; tablet_text_alignment=&#8220;default&#8220; phone_text_alignment=&#8220;default&#8220; column_border_width=&#8220;none&#8220; column_border_style=&#8220;solid&#8220; bg_image_animation=&#8220;none&#8220;][vc_raw_js]JTNDc2NyaXB0JTIwc3JjJTNEJTIyaHR0cHMlM0ElMkYlMkZ3d3cueW91dHViZS5jb20lMkZpZnJhbWVfYXBpJTIyJTNFJTNDJTJGc2NyaXB0JTNF[\/vc_raw_js][\/vc_column][\/vc_row][vc_row type=&#8220;full_width_background&#8220; full_screen_row_position=&#8220;middle&#8220; bg_image=&#8220;6081&#8243; bg_position=&#8220;center center&#8220; bg_repeat=&#8220;no-repeat&#8220; bg_color=&#8220;#3a3a3a&#8220; scene_position=&#8220;center&#8220; video_bg=&#8220;use_video&#8220; video_external=&#8220;https:\/\/www.youtube.com\/watch?v=I5aFXmZdJcU&amp;feature=youtu.be&#8220; text_color=&#8220;light&#8220; text_align=&#8220;left&#8220; top_padding=&#8220;10%&#8220; bottom_padding=&#8220;10%&#8220; overlay_strength=&#8220;0.3&#8243; shape_divider_position=&#8220;bottom&#8220; bg_image_animation=&#8220;none&#8220; video_mute=&#8220;true&#8220; shape_type=&#8220;&#8220;][vc_column centered_text=&#8220;true&#8220; column_padding=&#8220;no-extra-padding&#8220; column_padding_position=&#8220;all&#8220; background_color_opacity=&#8220;1&#8243; background_hover_color_opacity=&#8220;1&#8243; column_link_target=&#8220;_self&#8220; column_shadow=&#8220;none&#8220; column_border_radius=&#8220;none&#8220; width=&#8220;1\/1&#8243; tablet_width_inherit=&#8220;default&#8220; tablet_text_alignment=&#8220;default&#8220; phone_text_alignment=&#8220;default&#8220; column_border_width=&#8220;none&#8220; column_border_style=&#8220;solid&#8220; bg_image_animation=&#8220;none&#8220; enable_animation=&#8220;true&#8220; animation=&#8220;none&#8220;][nectar_video_lightbox link_style=&#8220;play_button_with_text&#8220; nectar_play_button_color=&#8220;Default-Accent-Color&#8220; font_style=&#8220;p&#8220; video_url=&#8220;https:\/\/www.youtube.com\/watch?v=I5aFXmZdJcU&amp;feature=youtu.be&#8220; link_text=&#8220;SIEHE VIDEO&#8220;][\/vc_column][\/vc_row][vc_row type=&#8220;in_container&#8220; full_screen_row_position=&#8220;middle&#8220; bg_color=&#8220;#ffffff&#8220; scene_position=&#8220;center&#8220; text_color=&#8220;dark&#8220; text_align=&#8220;left&#8220; overlay_strength=&#8220;0.3&#8243; shape_divider_position=&#8220;bottom&#8220; bg_image_animation=&#8220;none&#8220;][vc_column centered_text=&#8220;true&#8220; column_padding=&#8220;padding-7-percent&#8220; column_padding_position=&#8220;all&#8220; background_color=&#8220;#ffffff&#8220; background_color_opacity=&#8220;1&#8243; background_hover_color_opacity=&#8220;1&#8243; column_link_target=&#8220;_self&#8220; column_shadow=&#8220;none&#8220; column_border_radius=&#8220;none&#8220; width=&#8220;1\/1&#8243; tablet_width_inherit=&#8220;default&#8220; tablet_text_alignment=&#8220;default&#8220; phone_text_alignment=&#8220;default&#8220; column_border_width=&#8220;none&#8220; column_border_style=&#8220;solid&#8220; bg_image_animation=&#8220;none&#8220;][vc_row_inner column_margin=&#8220;default&#8220; text_align=&#8220;left&#8220;][vc_column_inner column_padding=&#8220;padding-3-percent&#8220; column_padding_position=&#8220;all&#8220; background_color_opacity=&#8220;1&#8243; background_hover_color_opacity=&#8220;1&#8243; column_shadow=&#8220;none&#8220; column_border_radius=&#8220;none&#8220; column_link_target=&#8220;_self&#8220; width=&#8220;1\/2&#8243; tablet_width_inherit=&#8220;default&#8220; column_border_width=&#8220;none&#8220; column_border_style=&#8220;solid&#8220; bg_image_animation=&#8220;none&#8220;][vc_column_text]\n<p style=\"text-align: left;\">Die fortgesetzte Forschungs- und Entwicklungst\u00e4tigkeit hat es uns erm\u00f6glicht, einen umfassenden Produktkatalog zu pr\u00e4sentieren, der einen Gro\u00dfteil der Erwartungen im Bereich Bodenbel\u00e4ge, Bordsteine, Fassadenverkleidungen, Stra\u00dfenmobiliar und Zubeh\u00f6r abdeckt.<\/p>\n<p style=\"text-align: left;\">Unser Streben nach st\u00e4ndiger Verbesserung und unsere fortgesetzte Forschung- und Entwicklungst\u00e4tigkeit machen es m\u00f6glich, mit der neuesten Maschinentechnik zu arbeiten, und dank unserer internen Produktionskontrolle sind wir in der Lage, Produkte mit einem unanfechtbaren Qualit\u00e4tssiegel zu erzeugen, die einzigartig auf dem Markt sind.<\/p>\n[\/vc_column_text][\/vc_column_inner][vc_column_inner column_padding=&#8220;padding-3-percent&#8220; column_padding_position=&#8220;all&#8220; background_color_opacity=&#8220;1&#8243; background_hover_color_opacity=&#8220;1&#8243; column_shadow=&#8220;none&#8220; column_border_radius=&#8220;none&#8220; column_link_target=&#8220;_self&#8220; width=&#8220;1\/2&#8243; tablet_width_inherit=&#8220;default&#8220; column_border_width=&#8220;none&#8220; column_border_style=&#8220;solid&#8220; bg_image_animation=&#8220;none&#8220;][vc_column_text]\n<p style=\"text-align: left;\">Seit unseren Anf\u00e4ngen ist es f\u00fcr uns von grundlegender Bedeutung,\u00a0 derart hohe Design- und Qualit\u00e4tsma\u00dfst\u00e4be zu erreichen, die sowohl dem Bauherrn als auch dem Endverbraucher die Garantie verleihen, zuverl\u00e4ssige Materialien zu haben und zu nutzen.<\/p>\n<p style=\"text-align: left;\"><strong style=\"color: #980a2b;\">INTERNATIONALISIERUNG<\/strong><\/p>\n<p style=\"text-align: left;\">Paviments Lloseta ist in bedeutenden Bauwerken auf internationaler Ebene pr\u00e4sent, sowohl in anderen L\u00e4ndern Europas als auch in Mittelamerika, Nordafrika und seit j\u00fcngstem am Persischen Golf, womit wir unsere Grenzen \u00fcber den nationalen Markt hinaus ausbreiten.<\/p>\n[\/vc_column_text][\/vc_column_inner][\/vc_row_inner][divider line_type=&#8220;Small Line&#8220; line_alignment=&#8220;default&#8220; line_thickness=&#8220;2&#8243; divider_color=&#8220;accent-color&#8220; animate=&#8220;yes&#8220; custom_height=&#8220;100&#8243; custom_line_width=&#8220;80&#8243;][image_with_animation image_url=&#8220;9977&#8243; alignment=&#8220;center&#8220; animation=&#8220;Fade In&#8220; border_radius=&#8220;none&#8220; box_shadow=&#8220;none&#8220; max_width=&#8220;100%&#8220;][\/vc_column][\/vc_row][vc_row type=&#8220;in_container&#8220; full_screen_row_position=&#8220;middle&#8220; scene_position=&#8220;center&#8220; text_color=&#8220;dark&#8220; text_align=&#8220;left&#8220; overlay_strength=&#8220;0.3&#8243; shape_divider_position=&#8220;bottom&#8220; bg_image_animation=&#8220;none&#8220; shape_type=&#8220;&#8220;][vc_column column_padding=&#8220;no-extra-padding&#8220; column_padding_position=&#8220;all&#8220; background_color_opacity=&#8220;1&#8243; background_hover_color_opacity=&#8220;1&#8243; column_link_target=&#8220;_self&#8220; column_shadow=&#8220;none&#8220; column_border_radius=&#8220;none&#8220; width=&#8220;1\/1&#8243; tablet_width_inherit=&#8220;default&#8220; tablet_text_alignment=&#8220;default&#8220; phone_text_alignment=&#8220;default&#8220; column_border_width=&#8220;none&#8220; column_border_style=&#8220;solid&#8220; bg_image_animation=&#8220;none&#8220;][vc_gallery type=&#8220;flickity_style&#8220; images=&#8220;6482,6483,6484,6485&#8243; flickity_controls=&#8220;pagination&#8220; flickity_desktop_columns=&#8220;2&#8243; flickity_small_desktop_columns=&#8220;2&#8243; flickity_tablet_columns=&#8220;1&#8243; flickity_free_scroll=&#8220;true&#8220; flickity_autoplay=&#8220;true&#8220; flickity_box_shadow=&#8220;none&#8220; onclick=&#8220;link_image&#8220; img_size=&#8220;full&#8220;][\/vc_column][\/vc_row][vc_row type=&#8220;in_container&#8220; full_screen_row_position=&#8220;middle&#8220; scene_position=&#8220;center&#8220; text_color=&#8220;dark&#8220; text_align=&#8220;left&#8220; overlay_strength=&#8220;0.3&#8243; shape_divider_position=&#8220;bottom&#8220; bg_image_animation=&#8220;none&#8220; shape_type=&#8220;&#8220;][vc_column column_padding=&#8220;no-extra-padding&#8220; column_padding_position=&#8220;all&#8220; background_color_opacity=&#8220;1&#8243; background_hover_color_opacity=&#8220;1&#8243; column_link_target=&#8220;_self&#8220; column_shadow=&#8220;none&#8220; column_border_radius=&#8220;none&#8220; width=&#8220;1\/1&#8243; tablet_width_inherit=&#8220;default&#8220; tablet_text_alignment=&#8220;default&#8220; phone_text_alignment=&#8220;default&#8220; column_border_width=&#8220;none&#8220; column_border_style=&#8220;solid&#8220; bg_image_animation=&#8220;none&#8220;][clients columns=&#8220;5&#8243; hover_effect=&#8220;greyscale_to_color&#8220; additional_padding=&#8220;2&#8243; carousel=&#8220;true&#8220;][client image=&#8220;5941&#8243; title=&#8220;Client&#8220; id=&#8220;1507130915658-5a7bb-0f5c&#8220; url=&#8220;#&#8220; tab_id=&#8220;1534147116384-3&#8243;] \u00a0[\/client][client image=&#8220;5940&#8243; title=&#8220;Client&#8220; id=&#8220;1507130915688-2a7bb-0f5c&#8220; url=&#8220;#&#8220; tab_id=&#8220;1534147116434-8&#8243;] [\/client][client image=&#8220;5939&#8243; title=&#8220;Client&#8220; id=&#8220;1507130915722-3a7bb-0f5c&#8220; url=&#8220;#&#8220; tab_id=&#8220;1534147116497-8&#8243;] [\/client][client image=&#8220;5938&#8243; title=&#8220;Client&#8220; id=&#8220;1507130915763-3a7bb-0f5c&#8220; url=&#8220;#&#8220; tab_id=&#8220;1534147116555-2&#8243;] [\/client][client image=&#8220;5937&#8243; title=&#8220;Client&#8220; id=&#8220;1507130915805-3a7bb-0f5c&#8220; url=&#8220;#&#8220; name=&#8220;camallero&#8220; tab_id=&#8220;1534147116619-3&#8243;][\/client][client image=&#8220;5975&#8243; title=&#8220;Client&#8220; id=&#8220;1534163058373-0-5&#8243; tab_id=&#8220;1534163058373-2&#8243; url=&#8220;#&#8220;][\/client][\/clients][\/vc_column][\/vc_row]\n","protected":false},"excerpt":{"rendered":"<p>[vc_row type=&#8220;in_container&#8220; full_screen_row_position=&#8220;middle&#8220; equal_height=&#8220;yes&#8220; content_placement=&#8220;middle&#8220; bg_color=&#8220;#ffffff&#8220; scene_position=&#8220;center&#8220; text_color=&#8220;dark&#8220; text_align=&#8220;center&#8220; top_padding=&#8220;2%&#8220; id=&#8220;nosotros&#8220; overlay_strength=&#8220;0.3&#8243; shape_divider_position=&#8220;bottom&#8220; bg_image_animation=&#8220;none&#8220; shape_type=&#8220;&#8220;][vc_column&#8230;<\/p>\n","protected":false},"author":1,"featured_media":0,"parent":0,"menu_order":0,"comment_status":"closed","ping_status":"closed","template":"","meta":{"footnotes":""},"aioseo_notices":[],"_links":{"self":[{"href":"https:\/\/pavimentslloseta.com\/de\/wp-json\/wp\/v2\/pages\/8726"}],"collection":[{"href":"https:\/\/pavimentslloseta.com\/de\/wp-json\/wp\/v2\/pages"}],"about":[{"href":"https:\/\/pavimentslloseta.com\/de\/wp-json\/wp\/v2\/types\/page"}],"author":[{"embeddable":true,"href":"https:\/\/pavimentslloseta.com\/de\/wp-json\/wp\/v2\/users\/1"}],"replies":[{"embeddable":true,"href":"https:\/\/pavimentslloseta.com\/de\/wp-json\/wp\/v2\/comments?post=8726"}],"version-history":[{"count":7,"href":"https:\/\/pavimentslloseta.com\/de\/wp-json\/wp\/v2\/pages\/8726\/revisions"}],"predecessor-version":[{"id":9981,"href":"https:\/\/pavimentslloseta.com\/de\/wp-json\/wp\/v2\/pages\/8726\/revisions\/9981"}],"wp:attachment":[{"href":"https:\/\/pavimentslloseta.com\/de\/wp-json\/wp\/v2\/media?parent=8726"}],"curies":[{"name":"wp","href":"https:\/\/api.w.org\/{rel}","templated":true}]}}