{"id":9087,"date":"2018-10-23T16:29:32","date_gmt":"2018-10-23T14:29:32","guid":{"rendered":"http:\/\/pavimentslloseta.com\/productes\/pavimento-exterior\/duropanot-2\/"},"modified":"2022-05-12T18:37:52","modified_gmt":"2022-05-12T16:37:52","slug":"duropanot-2","status":"publish","type":"page","link":"https:\/\/pavimentslloseta.com\/ca\/productes\/paviment-exterior\/duropanot-2\/","title":{"rendered":"Duropanot"},"content":{"rendered":"[vc_row type=&#8221;in_container&#8221; full_screen_row_position=&#8221;middle&#8221; equal_height=&#8221;yes&#8221; content_placement=&#8221;top&#8221; bg_color=&#8221;#ffffff&#8221; scene_position=&#8221;center&#8221; text_color=&#8221;dark&#8221; text_align=&#8221;left&#8221; id=&#8221;nosotros&#8221; overlay_strength=&#8221;0.3&#8243; shape_divider_position=&#8221;bottom&#8221; bg_image_animation=&#8221;none&#8221; shape_type=&#8221;&#8221;][vc_column column_padding=&#8221;padding-3-percent&#8221; column_padding_position=&#8221;all&#8221; background_color_opacity=&#8221;1&#8243; background_hover_color_opacity=&#8221;1&#8243; column_link_target=&#8221;_self&#8221; column_shadow=&#8221;none&#8221; column_border_radius=&#8221;none&#8221; width=&#8221;1\/2&#8243; tablet_width_inherit=&#8221;default&#8221; tablet_text_alignment=&#8221;default&#8221; phone_text_alignment=&#8221;default&#8221; column_border_width=&#8221;none&#8221; column_border_style=&#8221;solid&#8221; bg_image_animation=&#8221;none&#8221;][vc_row_inner column_margin=&#8221;default&#8221; text_align=&#8221;left&#8221; css=&#8221;.vc_custom_1535099501615{padding-top: 25px !important;padding-right: 25px !important;padding-bottom: 25px !important;padding-left: 25px !important;background-color: #980a2b !important;}&#8221;][vc_column_inner column_padding=&#8221;no-extra-padding&#8221; column_padding_position=&#8221;all&#8221; background_color_opacity=&#8221;1&#8243; background_hover_color_opacity=&#8221;1&#8243; column_shadow=&#8221;none&#8221; column_border_radius=&#8221;none&#8221; column_link_target=&#8221;_self&#8221; width=&#8221;1\/1&#8243; tablet_width_inherit=&#8221;default&#8221; column_border_width=&#8221;none&#8221; column_border_style=&#8221;solid&#8221; bg_image_animation=&#8221;none&#8221;][vc_column_text]\n<h2><span style=\"color: #ffffff;\">BITEXTURA<\/span><\/h2>\n<p><span style=\"color: #ffffff;\">UNE-EN 13748-2<\/span>[\/vc_column_text][\/vc_column_inner][\/vc_row_inner][vc_row_inner column_margin=&#8221;default&#8221; text_align=&#8221;left&#8221; css=&#8221;.vc_custom_1535099371871{padding: 25px !important;background-color: #ededed !important;}&#8221;][vc_column_inner column_padding=&#8221;no-extra-padding&#8221; column_padding_position=&#8221;all&#8221; background_color_opacity=&#8221;1&#8243; background_hover_color_opacity=&#8221;1&#8243; column_shadow=&#8221;none&#8221; column_border_radius=&#8221;none&#8221; column_link_target=&#8221;_self&#8221; width=&#8221;1\/2&#8243; tablet_width_inherit=&#8221;default&#8221; column_border_width=&#8221;none&#8221; column_border_style=&#8221;solid&#8221; bg_image_animation=&#8221;none&#8221;][vc_column_text]<strong>FORMATS:<\/strong><\/p>\n<ul>\n<li>40 x 40 x 3,5 cm con muesa de 5 x 5 cm<\/li>\n<li>20 x 20 x\u00a0 3,2 cm<\/li>\n<\/ul>\n[\/vc_column_text][\/vc_column_inner][vc_column_inner column_padding=&#8221;no-extra-padding&#8221; column_padding_position=&#8221;all&#8221; background_color_opacity=&#8221;1&#8243; background_hover_color_opacity=&#8221;1&#8243; column_shadow=&#8221;none&#8221; column_border_radius=&#8221;none&#8221; column_link_target=&#8221;_self&#8221; width=&#8221;1\/2&#8243; tablet_width_inherit=&#8221;default&#8221; column_border_width=&#8221;none&#8221; column_border_style=&#8221;solid&#8221; bg_image_animation=&#8221;none&#8221;][image_with_animation image_url=&#8221;6367&#8243; alignment=&#8221;right&#8221; animation=&#8221;Fade In&#8221; border_radius=&#8221;none&#8221; box_shadow=&#8221;none&#8221; max_width=&#8221;100%&#8221;][\/vc_column_inner][\/vc_row_inner][\/vc_column][vc_column column_padding=&#8221;padding-3-percent&#8221; column_padding_position=&#8221;all&#8221; background_color_opacity=&#8221;1&#8243; background_hover_color_opacity=&#8221;1&#8243; column_link_target=&#8221;_self&#8221; column_shadow=&#8221;none&#8221; column_border_radius=&#8221;none&#8221; width=&#8221;1\/2&#8243; tablet_width_inherit=&#8221;default&#8221; tablet_text_alignment=&#8221;default&#8221; phone_text_alignment=&#8221;default&#8221; column_border_width=&#8221;none&#8221; column_border_style=&#8221;solid&#8221; bg_image_animation=&#8221;none&#8221;][image_with_animation image_url=&#8221;6870&#8243; alignment=&#8221;&#8221; animation=&#8221;Fade In&#8221; border_radius=&#8221;none&#8221; box_shadow=&#8221;none&#8221; max_width=&#8221;100%&#8221;][vc_column_text]\u00c9s un tipus de rajola antilliscant, de ciment hidr\u00e0ulica, econ\u00f2mica i especialment indicada per a voreres i marcatge de passos per als vianants.<\/p>\n<p>Es caracteritza pel seu gran drenatge gr\u00e0cies als seus\u00a0acanalats\u00a0i resist\u00e8ncia a l&#8217;abrasi\u00f3.<\/p>\n<p>Es fabrica en gruixos de 3,2 i 5 cm i ofereix diverses possibilitats de disseny i color. La seva col\u00b7locaci\u00f3 tamb\u00e9 \u00e9s recomanada en accessos per als vianants, per a minusv\u00e0lids i rampes per a vehicles.[\/vc_column_text][\/vc_column][\/vc_row][vc_row type=&#8221;in_container&#8221; full_screen_row_position=&#8221;middle&#8221; bg_image=&#8221;6006&#8243; bg_position=&#8221;left top&#8221; bg_repeat=&#8221;no-repeat&#8221; bg_color=&#8221;#ffffff&#8221; scene_position=&#8221;center&#8221; text_color=&#8221;dark&#8221; text_align=&#8221;center&#8221; overlay_strength=&#8221;0.3&#8243; shape_divider_position=&#8221;top&#8221; shape_divider_bring_to_front=&#8221;true&#8221; bg_image_animation=&#8221;none&#8221; shape_type=&#8221;waves_opacity&#8221;][vc_column column_padding=&#8221;no-extra-padding&#8221; column_padding_position=&#8221;all&#8221; background_color_opacity=&#8221;1&#8243; background_hover_color_opacity=&#8221;1&#8243; column_link_target=&#8221;_self&#8221; column_shadow=&#8221;none&#8221; column_border_radius=&#8221;none&#8221; width=&#8221;1\/1&#8243; tablet_width_inherit=&#8221;default&#8221; tablet_text_alignment=&#8221;default&#8221; phone_text_alignment=&#8221;default&#8221; column_border_width=&#8221;none&#8221; column_border_style=&#8221;solid&#8221; bg_image_animation=&#8221;none&#8221;][nectar_btn size=&#8221;medium&#8221; open_new_tab=&#8221;true&#8221; button_style=&#8221;see-through-2&#8243; color_override=&#8221;#980a2b&#8221; hover_text_color_override=&#8221;#ffffff&#8221; icon_family=&#8221;none&#8221; url=&#8221;mailto:ofertasweb@pavlloseta.com&#8221; text=&#8221;M\u00c9S INFORMACI\u00d3&#8221; margin_top=&#8221;25&#8243;][\/vc_column][\/vc_row][vc_row type=&#8221;in_container&#8221; full_screen_row_position=&#8221;middle&#8221; scene_position=&#8221;center&#8221; text_color=&#8221;dark&#8221; text_align=&#8221;left&#8221; overlay_strength=&#8221;0.3&#8243; shape_divider_position=&#8221;bottom&#8221; bg_image_animation=&#8221;none&#8221; shape_type=&#8221;&#8221;][vc_column column_padding=&#8221;no-extra-padding&#8221; column_padding_position=&#8221;all&#8221; background_color_opacity=&#8221;1&#8243; background_hover_color_opacity=&#8221;1&#8243; column_link_target=&#8221;_self&#8221; column_shadow=&#8221;none&#8221; column_border_radius=&#8221;none&#8221; width=&#8221;1\/1&#8243; tablet_width_inherit=&#8221;default&#8221; tablet_text_alignment=&#8221;default&#8221; phone_text_alignment=&#8221;default&#8221; column_border_width=&#8221;none&#8221; column_border_style=&#8221;solid&#8221; bg_image_animation=&#8221;none&#8221;][vc_gallery type=&#8221;flickity_style&#8221; images=&#8221;6871,6872,6873&#8243; flickity_controls=&#8221;pagination&#8221; flickity_desktop_columns=&#8221;2&#8243; flickity_small_desktop_columns=&#8221;2&#8243; flickity_tablet_columns=&#8221;1&#8243; flickity_free_scroll=&#8221;true&#8221; flickity_autoplay=&#8221;true&#8221; flickity_box_shadow=&#8221;none&#8221; onclick=&#8221;link_image&#8221; img_size=&#8221;full&#8221;][\/vc_column][\/vc_row]\n","protected":false},"excerpt":{"rendered":"<p>[vc_row type=&#8221;in_container&#8221; full_screen_row_position=&#8221;middle&#8221; equal_height=&#8221;yes&#8221; content_placement=&#8221;top&#8221; bg_color=&#8221;#ffffff&#8221; scene_position=&#8221;center&#8221; text_color=&#8221;dark&#8221; text_align=&#8221;left&#8221; id=&#8221;nosotros&#8221; overlay_strength=&#8221;0.3&#8243; shape_divider_position=&#8221;bottom&#8221; bg_image_animation=&#8221;none&#8221; shape_type=&#8221;&#8221;][vc_column column_padding=&#8221;padding-3-percent&#8221;&#8230;<\/p>\n","protected":false},"author":1,"featured_media":0,"parent":8897,"menu_order":0,"comment_status":"closed","ping_status":"closed","template":"","meta":{"footnotes":""},"aioseo_notices":[],"_links":{"self":[{"href":"https:\/\/pavimentslloseta.com\/ca\/wp-json\/wp\/v2\/pages\/9087"}],"collection":[{"href":"https:\/\/pavimentslloseta.com\/ca\/wp-json\/wp\/v2\/pages"}],"about":[{"href":"https:\/\/pavimentslloseta.com\/ca\/wp-json\/wp\/v2\/types\/page"}],"author":[{"embeddable":true,"href":"https:\/\/pavimentslloseta.com\/ca\/wp-json\/wp\/v2\/users\/1"}],"replies":[{"embeddable":true,"href":"https:\/\/pavimentslloseta.com\/ca\/wp-json\/wp\/v2\/comments?post=9087"}],"version-history":[{"count":4,"href":"https:\/\/pavimentslloseta.com\/ca\/wp-json\/wp\/v2\/pages\/9087\/revisions"}],"predecessor-version":[{"id":10777,"href":"https:\/\/pavimentslloseta.com\/ca\/wp-json\/wp\/v2\/pages\/9087\/revisions\/10777"}],"up":[{"embeddable":true,"href":"https:\/\/pavimentslloseta.com\/ca\/wp-json\/wp\/v2\/pages\/8897"}],"wp:attachment":[{"href":"https:\/\/pavimentslloseta.com\/ca\/wp-json\/wp\/v2\/media?parent=9087"}],"curies":[{"name":"wp","href":"https:\/\/api.w.org\/{rel}","templated":true}]}}