{"id":9056,"date":"2018-10-23T16:22:30","date_gmt":"2018-10-23T14:22:30","guid":{"rendered":"http:\/\/pavimentslloseta.com\/productes\/pavimento-exterior\/bitextura\/"},"modified":"2022-05-12T18:35:35","modified_gmt":"2022-05-12T16:35:35","slug":"bitextura","status":"publish","type":"page","link":"https:\/\/pavimentslloseta.com\/ca\/productes\/paviment-exterior\/bitextura\/","title":{"rendered":"Bitextura"},"content":{"rendered":"[vc_row type=&#8221;in_container&#8221; full_screen_row_position=&#8221;middle&#8221; equal_height=&#8221;yes&#8221; content_placement=&#8221;top&#8221; bg_color=&#8221;#ffffff&#8221; scene_position=&#8221;center&#8221; text_color=&#8221;dark&#8221; text_align=&#8221;left&#8221; id=&#8221;nosotros&#8221; overlay_strength=&#8221;0.3&#8243; shape_divider_position=&#8221;bottom&#8221; bg_image_animation=&#8221;none&#8221; shape_type=&#8221;&#8221;][vc_column column_padding=&#8221;padding-3-percent&#8221; column_padding_position=&#8221;all&#8221; background_color_opacity=&#8221;1&#8243; background_hover_color_opacity=&#8221;1&#8243; column_link_target=&#8221;_self&#8221; column_shadow=&#8221;none&#8221; column_border_radius=&#8221;none&#8221; width=&#8221;1\/2&#8243; tablet_width_inherit=&#8221;default&#8221; tablet_text_alignment=&#8221;default&#8221; phone_text_alignment=&#8221;default&#8221; column_border_width=&#8221;none&#8221; column_border_style=&#8221;solid&#8221; bg_image_animation=&#8221;none&#8221;][vc_row_inner column_margin=&#8221;default&#8221; text_align=&#8221;left&#8221; css=&#8221;.vc_custom_1535099501615{padding-top: 25px !important;padding-right: 25px !important;padding-bottom: 25px !important;padding-left: 25px !important;background-color: #980a2b !important;}&#8221;][vc_column_inner column_padding=&#8221;no-extra-padding&#8221; column_padding_position=&#8221;all&#8221; background_color_opacity=&#8221;1&#8243; background_hover_color_opacity=&#8221;1&#8243; column_shadow=&#8221;none&#8221; column_border_radius=&#8221;none&#8221; column_link_target=&#8221;_self&#8221; width=&#8221;1\/1&#8243; tablet_width_inherit=&#8221;default&#8221; column_border_width=&#8221;none&#8221; column_border_style=&#8221;solid&#8221; bg_image_animation=&#8221;none&#8221;][vc_column_text]\n<h2><span style=\"color: #ffffff;\">BITEXTURA<\/span><\/h2>\n<p><span style=\"color: #ffffff;\">UNE-EN 13748-2<\/span>[\/vc_column_text][\/vc_column_inner][\/vc_row_inner][vc_row_inner column_margin=&#8221;default&#8221; text_align=&#8221;left&#8221; css=&#8221;.vc_custom_1535099371871{padding: 25px !important;background-color: #ededed !important;}&#8221;][vc_column_inner column_padding=&#8221;no-extra-padding&#8221; column_padding_position=&#8221;all&#8221; background_color_opacity=&#8221;1&#8243; background_hover_color_opacity=&#8221;1&#8243; column_shadow=&#8221;none&#8221; column_border_radius=&#8221;none&#8221; column_link_target=&#8221;_self&#8221; width=&#8221;1\/2&#8243; tablet_width_inherit=&#8221;default&#8221; column_border_width=&#8221;none&#8221; column_border_style=&#8221;solid&#8221; bg_image_animation=&#8221;none&#8221;][vc_column_text]<strong>FORMATS:<\/strong><\/p>\n<ul>\n<li>30 x 30 x 4 cm<\/li>\n<li>40 x 40 x 3,5 y\/o 5cm<\/li>\n<li>40 x 60 x 4 cm<\/li>\n<li>40 x 60 x 4,7 cm<\/li>\n<\/ul>\n[\/vc_column_text][\/vc_column_inner][vc_column_inner column_padding=&#8221;no-extra-padding&#8221; column_padding_position=&#8221;all&#8221; background_color_opacity=&#8221;1&#8243; background_hover_color_opacity=&#8221;1&#8243; column_shadow=&#8221;none&#8221; column_border_radius=&#8221;none&#8221; column_link_target=&#8221;_self&#8221; width=&#8221;1\/2&#8243; tablet_width_inherit=&#8221;default&#8221; column_border_width=&#8221;none&#8221; column_border_style=&#8221;solid&#8221; bg_image_animation=&#8221;none&#8221;][image_with_animation image_url=&#8221;6367&#8243; alignment=&#8221;right&#8221; animation=&#8221;Fade In&#8221; border_radius=&#8221;none&#8221; box_shadow=&#8221;none&#8221; max_width=&#8221;100%&#8221;][\/vc_column_inner][\/vc_row_inner][\/vc_column][vc_column column_padding=&#8221;padding-3-percent&#8221; column_padding_position=&#8221;all&#8221; background_color_opacity=&#8221;1&#8243; background_hover_color_opacity=&#8221;1&#8243; column_link_target=&#8221;_self&#8221; column_shadow=&#8221;none&#8221; column_border_radius=&#8221;none&#8221; width=&#8221;1\/2&#8243; tablet_width_inherit=&#8221;default&#8221; tablet_text_alignment=&#8221;default&#8221; phone_text_alignment=&#8221;default&#8221; column_border_width=&#8221;none&#8221; column_border_style=&#8221;solid&#8221; bg_image_animation=&#8221;none&#8221;][image_with_animation image_url=&#8221;6860&#8243; alignment=&#8221;&#8221; animation=&#8221;Fade In&#8221; border_radius=&#8221;none&#8221; box_shadow=&#8221;none&#8221; max_width=&#8221;100%&#8221;][vc_column_text]Es tracta d&#8217;un paviment de terratzo antilliscant per a \u00fas exterior, de gran bellesa i possibilitat de m\u00faltiples dissenys. Aquest material es caracteritza per subministrar-se amb la superf\u00edcie vista en acabat\u00a0polit, en\u00a0Bitextura\u00a0(combinaci\u00f3 de polit i granallat).<\/p>\n<p>El comportament antilliscant s&#8217;aconsegueix per l&#8217;efecte de les ranures sota relleu, oferint \u00e0mplies possibilitats de disseny (pastilles, ones, diagonals, tacs, zebrats&#8230;)<\/p>\n<p>Mitjan\u00e7ant el seu \u00fas, aquest material arriba a auto polir-se, i aix\u00ed, el seu colorit d\u00f3na una gran bellesa i sensaci\u00f3 de neteja a les zones on \u00e9s col\u00b7locat: jardins, zones per als vianants, passejos, places&#8230;[\/vc_column_text][\/vc_column][\/vc_row][vc_row type=&#8221;in_container&#8221; full_screen_row_position=&#8221;middle&#8221; bg_image=&#8221;6006&#8243; bg_position=&#8221;left top&#8221; bg_repeat=&#8221;no-repeat&#8221; bg_color=&#8221;#ffffff&#8221; scene_position=&#8221;center&#8221; text_color=&#8221;dark&#8221; text_align=&#8221;center&#8221; overlay_strength=&#8221;0.3&#8243; shape_divider_position=&#8221;top&#8221; shape_divider_bring_to_front=&#8221;true&#8221; bg_image_animation=&#8221;none&#8221; shape_type=&#8221;waves_opacity&#8221;][vc_column column_padding=&#8221;no-extra-padding&#8221; column_padding_position=&#8221;all&#8221; background_color_opacity=&#8221;1&#8243; background_hover_color_opacity=&#8221;1&#8243; column_link_target=&#8221;_self&#8221; column_shadow=&#8221;none&#8221; column_border_radius=&#8221;none&#8221; width=&#8221;1\/1&#8243; tablet_width_inherit=&#8221;default&#8221; tablet_text_alignment=&#8221;default&#8221; phone_text_alignment=&#8221;default&#8221; column_border_width=&#8221;none&#8221; column_border_style=&#8221;solid&#8221; bg_image_animation=&#8221;none&#8221;][nectar_btn size=&#8221;medium&#8221; open_new_tab=&#8221;true&#8221; button_style=&#8221;see-through-2&#8243; color_override=&#8221;#980a2b&#8221; hover_text_color_override=&#8221;#ffffff&#8221; icon_family=&#8221;none&#8221; url=&#8221;mailto:ofertasweb@pavlloseta.com&#8221; text=&#8221;M\u00c9S INFORMACI\u00d3&#8221; margin_top=&#8221;25&#8243;][\/vc_column][\/vc_row][vc_row type=&#8221;in_container&#8221; full_screen_row_position=&#8221;middle&#8221; scene_position=&#8221;center&#8221; text_color=&#8221;dark&#8221; text_align=&#8221;left&#8221; overlay_strength=&#8221;0.3&#8243; shape_divider_position=&#8221;bottom&#8221; bg_image_animation=&#8221;none&#8221; shape_type=&#8221;&#8221;][vc_column column_padding=&#8221;no-extra-padding&#8221; column_padding_position=&#8221;all&#8221; background_color_opacity=&#8221;1&#8243; background_hover_color_opacity=&#8221;1&#8243; column_link_target=&#8221;_self&#8221; column_shadow=&#8221;none&#8221; column_border_radius=&#8221;none&#8221; width=&#8221;1\/1&#8243; tablet_width_inherit=&#8221;default&#8221; tablet_text_alignment=&#8221;default&#8221; phone_text_alignment=&#8221;default&#8221; column_border_width=&#8221;none&#8221; column_border_style=&#8221;solid&#8221; bg_image_animation=&#8221;none&#8221;][vc_gallery type=&#8221;flickity_style&#8221; images=&#8221;6861,7028,7029,7030&#8243; flickity_controls=&#8221;pagination&#8221; flickity_desktop_columns=&#8221;2&#8243; flickity_small_desktop_columns=&#8221;2&#8243; flickity_tablet_columns=&#8221;1&#8243; flickity_free_scroll=&#8221;true&#8221; flickity_autoplay=&#8221;true&#8221; flickity_box_shadow=&#8221;none&#8221; onclick=&#8221;link_image&#8221; img_size=&#8221;600&#215;400&#8243;][\/vc_column][\/vc_row]\n","protected":false},"excerpt":{"rendered":"<p>[vc_row type=&#8221;in_container&#8221; full_screen_row_position=&#8221;middle&#8221; equal_height=&#8221;yes&#8221; content_placement=&#8221;top&#8221; bg_color=&#8221;#ffffff&#8221; scene_position=&#8221;center&#8221; text_color=&#8221;dark&#8221; text_align=&#8221;left&#8221; id=&#8221;nosotros&#8221; overlay_strength=&#8221;0.3&#8243; shape_divider_position=&#8221;bottom&#8221; bg_image_animation=&#8221;none&#8221; shape_type=&#8221;&#8221;][vc_column column_padding=&#8221;padding-3-percent&#8221;&#8230;<\/p>\n","protected":false},"author":1,"featured_media":0,"parent":8897,"menu_order":0,"comment_status":"closed","ping_status":"closed","template":"","meta":{"footnotes":""},"aioseo_notices":[],"_links":{"self":[{"href":"https:\/\/pavimentslloseta.com\/ca\/wp-json\/wp\/v2\/pages\/9056"}],"collection":[{"href":"https:\/\/pavimentslloseta.com\/ca\/wp-json\/wp\/v2\/pages"}],"about":[{"href":"https:\/\/pavimentslloseta.com\/ca\/wp-json\/wp\/v2\/types\/page"}],"author":[{"embeddable":true,"href":"https:\/\/pavimentslloseta.com\/ca\/wp-json\/wp\/v2\/users\/1"}],"replies":[{"embeddable":true,"href":"https:\/\/pavimentslloseta.com\/ca\/wp-json\/wp\/v2\/comments?post=9056"}],"version-history":[{"count":4,"href":"https:\/\/pavimentslloseta.com\/ca\/wp-json\/wp\/v2\/pages\/9056\/revisions"}],"predecessor-version":[{"id":10766,"href":"https:\/\/pavimentslloseta.com\/ca\/wp-json\/wp\/v2\/pages\/9056\/revisions\/10766"}],"up":[{"embeddable":true,"href":"https:\/\/pavimentslloseta.com\/ca\/wp-json\/wp\/v2\/pages\/8897"}],"wp:attachment":[{"href":"https:\/\/pavimentslloseta.com\/ca\/wp-json\/wp\/v2\/media?parent=9056"}],"curies":[{"name":"wp","href":"https:\/\/api.w.org\/{rel}","templated":true}]}}